{"id":3802,"date":"2024-05-01T16:44:03","date_gmt":"2024-05-01T16:44:03","guid":{"rendered":"https:\/\/walesinlondon.org\/polisi-cwcis\/"},"modified":"2024-05-29T11:33:16","modified_gmt":"2024-05-29T11:33:16","slug":"polisi-cwcis","status":"publish","type":"page","link":"https:\/\/walesinlondon.org\/cy\/polisi-cwcis\/","title":{"rendered":"Polisi cwcis"},"content":{"rendered":"\t\t<div data-elementor-type=\"wp-page\" data-elementor-id=\"3802\" class=\"elementor elementor-3802 elementor-2085\" data-elementor-post-type=\"page\">\n\t\t\t\t<div class=\"elementor-element elementor-element-7ce8985 e-con-full e-flex e-con e-parent\" data-id=\"7ce8985\" data-element_type=\"container\" data-e-type=\"container\" data-settings=\"{&quot;background_background&quot;:&quot;classic&quot;}\">\n\t\t\t\t<div class=\"elementor-element elementor-element-14b2200 elementor-widget elementor-widget-global elementor-global-1984 elementor-widget-html\" data-id=\"14b2200\" data-element_type=\"widget\" data-e-type=\"widget\" data-widget_type=\"html.default\">\n\t\t\t\t<div class=\"elementor-widget-container\">\n\t\t\t\t\t\n<svg id=\"hero-doughnuts\" xmlns=\"http:\/\/www.w3.org\/2000\/svg\" viewBox=\"0 0 2008 2125\">\n  <defs>\n    <style>\n      .cls-1 {\n        fill: #49C0BF;\n      }\n\n      .cls-1, .cls-2, .cls-3, .cls-4 {\n        stroke-width: 0px;\n      }\n\n      .cls-2 {\n        fill: #C9B8D9;\n      }\n\n      .cls-3 {\n        fill: #EF4E41;\n      }\n\n      .cls-4 {\n        fill: #FFCC42;\n      }\n    <\/style>\n  <\/defs>\n  <path class=\"cls-3\" d=\"M602.56,230.85c31.39-13.59,73.88-26.01,129.38-39.76,212.5-52.93,404.89-27.42,555.48,38.46,9.04,7.34,20.35,14.02,33.96,20.54,33.34,15.76,65.42,33.17,95.75,52.26,0,0,.31.09.42.3,10.49,7.61,20.77,15.33,30.63,23.27,236.2,202.17,353.02,418.55,381.93,640.36,45.55,347.66-120.02,703.93-406.47,852.79-19.75,10.16-39.19,20.41-58.93,30.57-38.55,8.86-59-10.97-88.67-68.15-48.86-93.46-96.89-187.36-144.92-281.25-46.88-91.68-43.55-103.08,43.66-166.56,198.86-144.87,210.81-418.56,19.45-558.6-85.87-62.7-179.05-80.32-273.39-61.89-24,3.42-48.32,9.29-72.84,17.32-102.88,34.04-109.11,31.63-158.69-63.24-31.95-61.61-64.21-123.32-95.96-185.03-63.38-123.74-82.97-183.8-35.78-224.91,15.28-8.12,30.25-16.83,45.01-26.47Z\"\/>\n  <path class=\"cls-1\" d=\"M1017.04,2044.15c-34.17,1.48-78.3-2.1-135.04-9.08-217.38-26.48-387.97-119.03-505.08-234.36-5.82-10.08-14-20.36-24.38-31.31-25.51-26.63-49.26-54.36-70.76-83.02,0,0-.26-.2-.28-.42-7.08-10.86-13.92-21.74-20.3-32.68-148.39-273.21-180.2-517.04-127.96-734.55,81.65-340.99,363.57-614.61,684.29-651.31,22.07-2.43,43.89-5.06,65.96-7.5,39.17,5.5,51.19,31.32,58.47,95.32,12.25,104.75,23.56,209.61,34.89,314.46,11.04,102.38,3.85,111.84-100.28,139.97-237.49,64.27-346.43,315.63-217.72,514.8,57.81,89.24,138.54,138.98,233.24,155.47,23.64,5.38,48.45,8.58,74.22,9.85,108.25,4.96,113.21,9.43,125.63,115.76,7.83,68.96,15.92,138.12,23.52,207.1,14.99,138.22,11.83,201.32-46.93,222.85-17.17,2.12-34.27,4.92-51.5,8.64Z\"\/>\n  <path class=\"cls-4\" d=\"M1823.47,1388.06c-26.18,22.01-63.34,46.08-112.57,75.14-188.44,111.56-380.08,142.22-543.23,122.22-10.76-4.44-23.51-7.6-38.42-9.95-36.45-5.55-72.18-13.05-106.7-22.66,0,0-.33,0-.48-.16-12.23-4.29-24.29-8.75-36.01-13.52-284.2-126.06-458.09-299.93-549.31-504.18-143.2-320.06-86.59-708.82,145.23-933.47,16.01-15.39,31.7-30.78,47.71-46.16,34.4-19.53,59.67-6.39,104.47,39.9,73.58,75.56,146.48,151.77,219.39,227.97,71.17,74.41,71.25,86.29,5.86,172.09-149.04,195.75-82.12,461.4,141.33,540.78,100.23,35.48,194.55,25.68,279.67-18.99,22.02-10.15,43.63-22.74,64.83-37.45,88.82-62.07,95.48-61.56,170.16,15.15,48.26,49.88,96.84,99.76,144.92,149.81,96.16,100.41,132.13,152.35,98.68,205.25-12.32,12.15-24.16,24.79-35.55,38.25Z\"\/>\n  <path class=\"cls-2\" d=\"M1430.18,1862.9c-34.13-2.27-77.6-10.66-133.24-23.82-213.18-50.12-372.6-160.8-476.38-288.27-4.68-10.66-11.69-21.77-20.81-33.79-22.44-29.26-43.01-59.42-61.24-90.27,0,0-.23-.23-.23-.45-5.84-11.57-11.45-23.13-16.6-34.7-117.58-287.81-122.49-533.67-46.75-744.14,118.51-330,428.69-571.09,751.5-572.45,22.21,0,44.18-.23,66.39-.23,38.33,9.75,47.45,36.74,47.68,101.16.7,105.46.47,210.93.24,316.39-.24,102.97-8.42,111.59-115.01,128.14-243.1,37.88-378.91,275.79-272.78,487.86,47.69,95.03,122.48,153.32,214.82,180.08,22.91,7.94,47.22,13.83,72.7,17.92,107.05,16.78,111.5,21.77,112.2,128.82.23,69.4.7,139.03.7,208.43-.23,139.03-10.28,201.4-71.06,216.37-17.3.23-34.6,1.13-52.13,2.95Z\"\/>\n<\/svg>\t\t\t\t<\/div>\n\t\t\t\t<\/div>\n\t\t<div class=\"elementor-element elementor-element-3e0c495 e-flex e-con-boxed e-con e-child\" data-id=\"3e0c495\" data-element_type=\"container\" data-e-type=\"container\">\n\t\t\t\t\t<div class=\"e-con-inner\">\n\t\t\t\t<div class=\"elementor-element elementor-element-a70a7c8 elementor-invisible elementor-widget elementor-widget-heading\" data-id=\"a70a7c8\" data-element_type=\"widget\" data-e-type=\"widget\" data-settings=\"{&quot;_animation&quot;:&quot;fadeIn&quot;}\" data-widget_type=\"heading.default\">\n\t\t\t\t<div class=\"elementor-widget-container\">\n\t\t\t\t\t<h1 class=\"elementor-heading-title elementor-size-default\">Polisi cwcis<\/h1>\t\t\t\t<\/div>\n\t\t\t\t<\/div>\n\t\t\t\t\t<\/div>\n\t\t\t\t<\/div>\n\t\t\t\t<\/div>\n\t\t<div class=\"elementor-element elementor-element-80ac0c9 e-con-full e-flex e-con e-parent\" data-id=\"80ac0c9\" data-element_type=\"container\" data-e-type=\"container\">\n\t\t<div class=\"elementor-element elementor-element-61dce49 policy-container e-flex e-con-boxed e-con e-child\" data-id=\"61dce49\" data-element_type=\"container\" data-e-type=\"container\">\n\t\t\t\t\t<div class=\"e-con-inner\">\n\t\t\t\t<div class=\"elementor-element elementor-element-22788b1 elementor-widget elementor-widget-html\" data-id=\"22788b1\" data-element_type=\"widget\" data-e-type=\"widget\" data-widget_type=\"html.default\">\n\t\t\t\t<div class=\"elementor-widget-container\">\n\t\t\t\t\t\n<p>\n Dyddiad dod i rym: 14-Mai-2024 <br>\n Diweddarwyd ddiwethaf: 14-Mai-2024\n<\/p>\n\n&nbsp;\n<h5>Beth yw cwcis?<\/h5>\n<div class=\"cookie-policy-p\"><p>Mae'r Polisi Cwcis hwn yn esbonio beth yw cwcis a sut rydyn ni'n eu defnyddio, y mathau o gwcis rydyn ni'n eu defnyddio h.y. yr wybodaeth a gasglwn gan ddefnyddio cwcis a sut caiff yr wybodaeth honno ei defnyddio, a sut mae rheoli'r gosodiadau cwcis.<\/p> <p>Ffeiliau testun bach yw cwcis a gaiff eu defnyddio i storio darnau bach o wybodaeth. C\u00e2nt eu storio ar eich dyfais pan fydd y wefan yn cael ei llwytho ar eich porwr. Mae'r cwcis hyn yn ein helpu i wneud i'r wefan weithio'n gywir, ei gwneud yn fwy diogel, darparu profiad gwell i'r defnyddiwr, deall sut mae'r wefan yn perfformio a dadansoddi beth sy'n gweithio a lle mae angen gwella.<\/p><\/div>\n\n&nbsp;\n<h5>Sut rydyn ni'n defnyddio cwcis?<\/h5>\n<div class=\"cookie-policy-p\"><p>Fel y rhan fwyaf o wasanaethau ar-lein, mae ein gwefan yn defnyddio cwcis parti cyntaf a thrydydd parti at nifer o ddibenion. Mae angen cwcis parti cyntaf yn bennaf er mwyn i'r wefan weithio'n gywir. Nid ydynt yn casglu unrhyw ddata a allai ddatgelu pwy ydych chi.<\/p> <p>Mae'r cwcis trydydd parti a ddefnyddir ar ein gwefan yn bennaf ar gyfer: deall sut mae'r wefan yn perfformio a sut rydych chi'n rhyngweithio \u00e2'n gwefan; cadw ein gwasanaethau'n ddiogel; darparu hysbysebion sy'n berthnasol i chi; darparu profiad gwell i chi fel defnyddwyr a helpu i gyflymu sut rydych chi'n rhyngweithio \u00e2'n gwefan yn y dyfodol.<\/p><\/div>\n\n&nbsp;\n    <h5>Y mathau o Gwcis a ddefnyddiwn<\/h5>\n\n    <div class=\"cky-audit-table-element\"><\/div>\n\n&nbsp;\n    <h5 style=\"margin-bottom:20px;\">Rheoli dewisiadau cwcis<\/h5>\n\n    <a class=\"cky-banner-element\">Gosodiadau Cwcis<\/a> <br>\n\n    <div><p>Gallwch newid eich dewisiadau cwcis unrhyw bryd drwy glicio'r botwm uchod. Bydd hyn yn caniat\u00e1u i chi fynd yn \u00f4l i'r faner caniat\u00e1u cwcis a newid eich dewisiadau neu dynnu eich caniat\u00e2d yn \u00f4l ar unwaith. <\/p> <p>Ar ben hyn, mae porwyr gwahanol yn darparu dulliau gwahanol o rwystro a dileu cwcis a ddefnyddir gan wefannau. Gallwch newid gosodiadau eich porwr i rwystro\/dileu'r cwcis. Rhestrir isod y dolenni i'r dogfennau cefnogi ar gyfer rheoli a dileu cwcis o'r prif borwyr gwe.<\/p> <p>Chrome: <a href=\"https:\/\/support.google.com\/accounts\/answer\/32050\" target=\"_blank\">https:\/\/support.google.com\/accounts\/answer\/32050<\/a><\/p><p>Safari: <a href=\"https:\/\/support.apple.com\/en-in\/guide\/safari\/sfri11471\/mac\" target=\"_blank\">https:\/\/support.apple.com\/en-in\/guide\/safari\/sfri11471\/mac<\/a><\/p><p>Firefox: <a href=\"https:\/\/support.mozilla.org\/en-US\/kb\/clear-cookies-and-site-data-firefox?redirectslug=delete-cookies-remove-info-websites-stored&amp;redirectlocale=en-US\" target=\"_blank\">https:\/\/support.mozilla.org\/en-US\/kb\/clear-cookies-and-site-data-firefox?redirectslug=delete-cookies-remove-info-websites-stored&amp;redirectlocale=en-US<\/a><\/p><p>Internet Explorer: <a href=\"https:\/\/support.microsoft.com\/en-us\/topic\/how-to-delete-cookie-files-in-internet-explorer-bca9446f-d873-78de-77ba-d42645fa52fc\" target=\"_blank\">https:\/\/support.microsoft.com\/en-us\/topic\/how-to-delete-cookie-files-in-internet-explorer-bca9446f-d873-78de-77ba-d42645fa52fc<\/a><\/p><p>Os ydych chi'n defnyddio unrhyw borwr gwe arall, cymerwch gip ar ddogfennau cefnogi swyddogol eich porwr.<\/p><\/div>\n\n\n&nbsp;\n<p class=\"cookie-policy-p\">\n Cynhyrchwyd y Polisi Cwcis gan <a target=\"_blank\" href=\"https:\/\/www.cookieyes.com\/?utm_source=CP&amp;utm_medium=footer&amp;utm_campaign=UW\">CookieYes - Cynhyrchydd Polis\u00efau Cwcis<\/a>.\n<\/p>\t\t\t\t<\/div>\n\t\t\t\t<\/div>\n\t\t\t\t\t<\/div>\n\t\t\t\t<\/div>\n\t\t\t\t<\/div>\n\t\t\t\t<\/div>\n\t\t","protected":false},"excerpt":{"rendered":"<p>Dyddiad dod i rym: 14-Mai-2024 Diweddarwyd ddiwethaf: 14-Mai-2024 &nbsp; Beth yw cwcis? Mae&#8217;r Polisi Cwcis hwn yn esbonio beth yw cwcis a sut rydyn ni&#8217;n eu defnyddio, y mathau o gwcis rydyn ni&#8217;n eu defnyddio h.y. yr wybodaeth a gasglwn gan ddefnyddio cwcis a sut caiff yr wybodaeth honno ei defnyddio, a sut mae rheoli&#8217;r [&hellip;]<\/p>\n","protected":false},"author":13,"featured_media":0,"parent":0,"menu_order":0,"comment_status":"closed","ping_status":"closed","template":"","meta":{"_acf_changed":false,"footnotes":""},"class_list":["post-3802","page","type-page","status-publish","hentry"],"acf":[],"yoast_head":"<!-- This site is optimized with the Yoast SEO plugin v27.5 - https:\/\/yoast.com\/product\/yoast-seo-wordpress\/ -->\n<title>Cymru yn Llundain | Polisi cwcis<\/title>\n<meta name=\"description\" content=\"Rydyn ni&#039;n defnyddio cwcis i redeg y wefan hon. Cymerwch gip ar ein polisi cwcis i ddysgu mwy am hyn a sut mae optio allan.\" \/>\n<meta name=\"robots\" content=\"index, follow, max-snippet:-1, max-image-preview:large, max-video-preview:-1\" \/>\n<link rel=\"canonical\" href=\"https:\/\/walesinlondon.org\/cy\/polisi-cwcis\/\" \/>\n<meta property=\"og:locale\" content=\"cy_GB\" \/>\n<meta property=\"og:type\" content=\"article\" \/>\n<meta property=\"og:title\" content=\"Cymru yn Llundain | Polisi cwcis\" \/>\n<meta property=\"og:description\" content=\"Rydyn ni&#039;n defnyddio cwcis i redeg y wefan hon. Cymerwch gip ar ein polisi cwcis i ddysgu mwy am hyn a sut mae optio allan.\" \/>\n<meta property=\"og:url\" content=\"https:\/\/walesinlondon.org\/cy\/polisi-cwcis\/\" \/>\n<meta property=\"og:site_name\" content=\"Cymru yn Llundain\" \/>\n<meta property=\"article:modified_time\" content=\"2024-05-29T11:33:16+00:00\" \/>\n<meta name=\"twitter:card\" content=\"summary_large_image\" \/>\n<meta name=\"twitter:label1\" content=\"Est. reading time\" \/>\n\t<meta name=\"twitter:data1\" content=\"2 minutes\" \/>\n<script type=\"application\/ld+json\" class=\"yoast-schema-graph\">{\"@context\":\"https:\\\/\\\/schema.org\",\"@graph\":[{\"@type\":\"WebPage\",\"@id\":\"https:\\\/\\\/walesinlondon.org\\\/cy\\\/polisi-cwcis\\\/\",\"url\":\"https:\\\/\\\/walesinlondon.org\\\/cy\\\/polisi-cwcis\\\/\",\"name\":\"Cymru yn Llundain | Polisi cwcis\",\"isPartOf\":{\"@id\":\"https:\\\/\\\/walesinlondon.org\\\/cy\\\/#website\"},\"datePublished\":\"2024-05-01T16:44:03+00:00\",\"dateModified\":\"2024-05-29T11:33:16+00:00\",\"description\":\"Rydyn ni'n defnyddio cwcis i redeg y wefan hon. Cymerwch gip ar ein polisi cwcis i ddysgu mwy am hyn a sut mae optio allan.\",\"breadcrumb\":{\"@id\":\"https:\\\/\\\/walesinlondon.org\\\/cy\\\/polisi-cwcis\\\/#breadcrumb\"},\"inLanguage\":\"cy-GB\",\"potentialAction\":[{\"@type\":\"ReadAction\",\"target\":[\"https:\\\/\\\/walesinlondon.org\\\/cy\\\/polisi-cwcis\\\/\"]}]},{\"@type\":\"BreadcrumbList\",\"@id\":\"https:\\\/\\\/walesinlondon.org\\\/cy\\\/polisi-cwcis\\\/#breadcrumb\",\"itemListElement\":[{\"@type\":\"ListItem\",\"position\":1,\"name\":\"Home\",\"item\":\"https:\\\/\\\/walesinlondon.org\\\/cy\\\/\"},{\"@type\":\"ListItem\",\"position\":2,\"name\":\"Polisi cwcis\"}]},{\"@type\":\"WebSite\",\"@id\":\"https:\\\/\\\/walesinlondon.org\\\/cy\\\/#website\",\"url\":\"https:\\\/\\\/walesinlondon.org\\\/cy\\\/\",\"name\":\"Cymru yn Llundain\",\"description\":\"\",\"publisher\":{\"@id\":\"https:\\\/\\\/walesinlondon.org\\\/cy\\\/#organization\"},\"potentialAction\":[{\"@type\":\"SearchAction\",\"target\":{\"@type\":\"EntryPoint\",\"urlTemplate\":\"https:\\\/\\\/walesinlondon.org\\\/cy\\\/?s={search_term_string}\"},\"query-input\":{\"@type\":\"PropertyValueSpecification\",\"valueRequired\":true,\"valueName\":\"search_term_string\"}}],\"inLanguage\":\"cy-GB\"},{\"@type\":\"Organization\",\"@id\":\"https:\\\/\\\/walesinlondon.org\\\/cy\\\/#organization\",\"name\":\"Cymru yn Llundain\",\"url\":\"https:\\\/\\\/walesinlondon.org\\\/cy\\\/\",\"logo\":{\"@type\":\"ImageObject\",\"inLanguage\":\"cy-GB\",\"@id\":\"https:\\\/\\\/walesinlondon.org\\\/cy\\\/#\\\/schema\\\/logo\\\/image\\\/\",\"url\":\"https:\\\/\\\/walesinlondon.org\\\/wp-content\\\/uploads\\\/2024\\\/04\\\/WIL-CYL-navy.svg\",\"contentUrl\":\"https:\\\/\\\/walesinlondon.org\\\/wp-content\\\/uploads\\\/2024\\\/04\\\/WIL-CYL-navy.svg\",\"width\":2281,\"height\":325,\"caption\":\"Cymru yn Llundain\"},\"image\":{\"@id\":\"https:\\\/\\\/walesinlondon.org\\\/cy\\\/#\\\/schema\\\/logo\\\/image\\\/\"}}]}<\/script>\n<!-- \/ Yoast SEO plugin. -->","yoast_head_json":{"title":"Cymru yn Llundain | Polisi cwcis","description":"Rydyn ni'n defnyddio cwcis i redeg y wefan hon. Cymerwch gip ar ein polisi cwcis i ddysgu mwy am hyn a sut mae optio allan.","robots":{"index":"index","follow":"follow","max-snippet":"max-snippet:-1","max-image-preview":"max-image-preview:large","max-video-preview":"max-video-preview:-1"},"canonical":"https:\/\/walesinlondon.org\/cy\/polisi-cwcis\/","og_locale":"cy_GB","og_type":"article","og_title":"Cymru yn Llundain | Polisi cwcis","og_description":"Rydyn ni'n defnyddio cwcis i redeg y wefan hon. Cymerwch gip ar ein polisi cwcis i ddysgu mwy am hyn a sut mae optio allan.","og_url":"https:\/\/walesinlondon.org\/cy\/polisi-cwcis\/","og_site_name":"Cymru yn Llundain","article_modified_time":"2024-05-29T11:33:16+00:00","twitter_card":"summary_large_image","twitter_misc":{"Est. reading time":"2 minutes"},"schema":{"@context":"https:\/\/schema.org","@graph":[{"@type":"WebPage","@id":"https:\/\/walesinlondon.org\/cy\/polisi-cwcis\/","url":"https:\/\/walesinlondon.org\/cy\/polisi-cwcis\/","name":"Cymru yn Llundain | Polisi cwcis","isPartOf":{"@id":"https:\/\/walesinlondon.org\/cy\/#website"},"datePublished":"2024-05-01T16:44:03+00:00","dateModified":"2024-05-29T11:33:16+00:00","description":"Rydyn ni'n defnyddio cwcis i redeg y wefan hon. Cymerwch gip ar ein polisi cwcis i ddysgu mwy am hyn a sut mae optio allan.","breadcrumb":{"@id":"https:\/\/walesinlondon.org\/cy\/polisi-cwcis\/#breadcrumb"},"inLanguage":"cy-GB","potentialAction":[{"@type":"ReadAction","target":["https:\/\/walesinlondon.org\/cy\/polisi-cwcis\/"]}]},{"@type":"BreadcrumbList","@id":"https:\/\/walesinlondon.org\/cy\/polisi-cwcis\/#breadcrumb","itemListElement":[{"@type":"ListItem","position":1,"name":"Home","item":"https:\/\/walesinlondon.org\/cy\/"},{"@type":"ListItem","position":2,"name":"Polisi cwcis"}]},{"@type":"WebSite","@id":"https:\/\/walesinlondon.org\/cy\/#website","url":"https:\/\/walesinlondon.org\/cy\/","name":"Cymru yn Llundain","description":"","publisher":{"@id":"https:\/\/walesinlondon.org\/cy\/#organization"},"potentialAction":[{"@type":"SearchAction","target":{"@type":"EntryPoint","urlTemplate":"https:\/\/walesinlondon.org\/cy\/?s={search_term_string}"},"query-input":{"@type":"PropertyValueSpecification","valueRequired":true,"valueName":"search_term_string"}}],"inLanguage":"cy-GB"},{"@type":"Organization","@id":"https:\/\/walesinlondon.org\/cy\/#organization","name":"Cymru yn Llundain","url":"https:\/\/walesinlondon.org\/cy\/","logo":{"@type":"ImageObject","inLanguage":"cy-GB","@id":"https:\/\/walesinlondon.org\/cy\/#\/schema\/logo\/image\/","url":"https:\/\/walesinlondon.org\/wp-content\/uploads\/2024\/04\/WIL-CYL-navy.svg","contentUrl":"https:\/\/walesinlondon.org\/wp-content\/uploads\/2024\/04\/WIL-CYL-navy.svg","width":2281,"height":325,"caption":"Cymru yn Llundain"},"image":{"@id":"https:\/\/walesinlondon.org\/cy\/#\/schema\/logo\/image\/"}}]}},"_links":{"self":[{"href":"https:\/\/walesinlondon.org\/cy\/wp-json\/wp\/v2\/pages\/3802","targetHints":{"allow":["GET"]}}],"collection":[{"href":"https:\/\/walesinlondon.org\/cy\/wp-json\/wp\/v2\/pages"}],"about":[{"href":"https:\/\/walesinlondon.org\/cy\/wp-json\/wp\/v2\/types\/page"}],"author":[{"embeddable":true,"href":"https:\/\/walesinlondon.org\/cy\/wp-json\/wp\/v2\/users\/13"}],"replies":[{"embeddable":true,"href":"https:\/\/walesinlondon.org\/cy\/wp-json\/wp\/v2\/comments?post=3802"}],"version-history":[{"count":5,"href":"https:\/\/walesinlondon.org\/cy\/wp-json\/wp\/v2\/pages\/3802\/revisions"}],"predecessor-version":[{"id":3918,"href":"https:\/\/walesinlondon.org\/cy\/wp-json\/wp\/v2\/pages\/3802\/revisions\/3918"}],"wp:attachment":[{"href":"https:\/\/walesinlondon.org\/cy\/wp-json\/wp\/v2\/media?parent=3802"}],"curies":[{"name":"wp","href":"https:\/\/api.w.org\/{rel}","templated":true}]}}